{"id":1046,"date":"2026-01-06T16:29:04","date_gmt":"2026-01-06T19:29:04","guid":{"rendered":"https:\/\/piersonconsulting.com.br\/politica-de-privacidad\/"},"modified":"2026-01-06T16:29:04","modified_gmt":"2026-01-06T19:29:04","slug":"politica-de-privacidad","status":"publish","type":"page","link":"https:\/\/piersonconsulting.com.br\/es\/politica-de-privacidad\/","title":{"rendered":"Pol\u00edtica de Privacidad"},"content":{"rendered":"<h1>Pol\u00edtica de Privacidad<\/h1>\n<p>Su privacidad es importante para nosotros. Es pol\u00edtica de <strong>Pierson Consulting<\/strong> respetar su privacidad en relaci\u00f3n con cualquier informaci\u00f3n que podamos recopilar en el sitio web de <strong>Pierson Consulting<\/strong> y en otros sitios que poseemos y operamos. Solicitamos informaci\u00f3n personal \u00fanicamente cuando realmente la necesitamos para prestarle un servicio. Lo hacemos por medios justos y legales, con su conocimiento y consentimiento. Tambi\u00e9n le informamos por qu\u00e9 estamos recopilando la informaci\u00f3n y c\u00f3mo ser\u00e1 utilizada. Solo conservamos la informaci\u00f3n recopilada durante el tiempo necesario para proporcionar el servicio solicitado. Cuando almacenamos datos, los protegemos mediante medios comercialmente aceptables para evitar p\u00e9rdidas y robos, as\u00ed como accesos, divulgaciones, copias, usos o modificaciones no autorizados. No compartimos informaci\u00f3n de identificaci\u00f3n personal p\u00fablicamente ni con terceros, excepto cuando sea requerido por ley. Nuestro sitio web puede contener enlaces a sitios externos que no son operados por nosotros. Tenga en cuenta que no tenemos control sobre el contenido ni las pr\u00e1cticas de dichos sitios y no podemos aceptar responsabilidad por sus respectivas pol\u00edticas de privacidad. Usted es libre de rechazar nuestra solicitud de informaci\u00f3n personal, entendiendo que es posible que no podamos proporcionarle algunos de los servicios deseados. El uso continuado de nuestro sitio web se considerar\u00e1 como aceptaci\u00f3n de nuestras pr\u00e1cticas relacionadas con la privacidad y la informaci\u00f3n personal. Si tiene alguna pregunta sobre c\u00f3mo gestionamos los datos de los usuarios y la informaci\u00f3n personal, p\u00f3ngase en contacto con nosotros.            <\/p>\n<h2>Pol\u00edtica de Cookies de <strong>Pierson Consulting<\/strong><\/h2>\n<h3>\u00bfQu\u00e9 son las cookies?<\/h3>\n<p>Como es pr\u00e1ctica com\u00fan en casi todos los sitios web profesionales, este sitio utiliza cookies, que son peque\u00f1os archivos descargados en su ordenador, para mejorar su experiencia. Esta p\u00e1gina describe qu\u00e9 informaci\u00f3n recopilan, c\u00f3mo la utilizamos y por qu\u00e9 a veces necesitamos almacenar estas cookies. Tambi\u00e9n explicaremos c\u00f3mo puede impedir que estas cookies se almacenen; sin embargo, esto puede degradar o \u201cromper\u201d ciertos elementos de la funcionalidad del sitio.  <\/p>\n<h3>C\u00f3mo utilizamos las cookies<\/h3>\n<p>Utilizamos cookies por diversas razones, que se detallan a continuaci\u00f3n. Lamentablemente, en la mayor\u00eda de los casos no existen opciones est\u00e1ndar de la industria para desactivar las cookies sin deshabilitar completamente la funcionalidad y las caracter\u00edsticas que estas a\u00f1aden a este sitio. Se recomienda que deje todas las cookies activadas si no est\u00e1 seguro de si las necesita o no, ya que pueden ser utilizadas para proporcionar un servicio que usted utiliza.  <\/p>\n<h3>Desactivar cookies<\/h3>\n<p>Puede impedir la configuraci\u00f3n de cookies ajustando la configuraci\u00f3n de su navegador (consulte la secci\u00f3n de Ayuda de su navegador para saber c\u00f3mo hacerlo). Tenga en cuenta que la desactivaci\u00f3n de cookies afectar\u00e1 la funcionalidad de este y de muchos otros sitios web que visite. La desactivaci\u00f3n de cookies generalmente resultar\u00e1 en la deshabilitaci\u00f3n de determinadas funcionalidades y caracter\u00edsticas de este sitio. Por lo tanto, se recomienda que no desactive las cookies.   <\/p>\n<h3>Cookies que establecemos<\/h3>\n<p>Si crea una cuenta con nosotros, utilizaremos cookies para la gesti\u00f3n del proceso de registro y la administraci\u00f3n general. Estas cookies normalmente se eliminar\u00e1n cuando cierre sesi\u00f3n; sin embargo, en algunos casos pueden permanecer posteriormente para recordar sus preferencias del sitio al cerrar sesi\u00f3n. <\/p>\n<h3>Cookies relacionadas con el inicio de sesi\u00f3n<\/h3>\n<p>Utilizamos cookies cuando usted inicia sesi\u00f3n para poder recordar esta acci\u00f3n. Esto evita que tenga que iniciar sesi\u00f3n cada vez que visita una nueva p\u00e1gina. Estas cookies normalmente se eliminan o se limpian cuando usted cierra sesi\u00f3n, para garantizar que solo pueda acceder a funciones y \u00e1reas restringidas cuando haya iniciado sesi\u00f3n.  <\/p>\n<h3>Cookies relacionadas con boletines por correo electr\u00f3nico<\/h3>\n<p>Este sitio ofrece servicios de suscripci\u00f3n a boletines informativos o correos electr\u00f3nicos, y las cookies pueden utilizarse para recordar si usted ya est\u00e1 registrado y si deben mostrarse determinadas notificaciones v\u00e1lidas \u00fanicamente para usuarios suscritos o no suscritos.<\/p>\n<h3>Cookies relacionadas con el procesamiento de pedidos<\/h3>\n<p>Este sitio ofrece facilidades de comercio electr\u00f3nico o de pago, y algunas cookies son esenciales para garantizar que su pedido sea recordado entre las p\u00e1ginas, de modo que podamos procesarlo correctamente.<\/p>\n<h3>Cookies relacionadas con encuestas<\/h3>\n<p>Peri\u00f3dicamente ofrecemos encuestas y cuestionarios para proporcionar informaci\u00f3n interesante, herramientas \u00fatiles o para comprender mejor nuestra base de usuarios. Estas encuestas pueden utilizar cookies para recordar qui\u00e9n ya ha participado en una encuesta o para proporcionar resultados precisos tras los cambios de p\u00e1gina. <\/p>\n<h3>Cookies relacionadas con formularios<\/h3>\n<p>Cuando usted env\u00eda datos a trav\u00e9s de un formulario, como los que se encuentran en las p\u00e1ginas de contacto o en los formularios de comentarios, pueden configurarse cookies para recordar los datos del usuario para futuras comunicaciones.<\/p>\n<h3>Cookies de preferencias del sitio<\/h3>\n<p>Para ofrecer una excelente experiencia en este sitio, proporcionamos la funcionalidad de establecer sus preferencias sobre c\u00f3mo se ejecuta este sitio cuando lo utiliza. Para recordar sus preferencias, necesitamos establecer cookies para que esta informaci\u00f3n pueda recuperarse cada vez que interact\u00fae con una p\u00e1gina que se vea afectada por sus preferencias. <\/p>\n<h3>Cookies de Terceros<\/h3>\n<p>En algunos casos especiales, tambi\u00e9n utilizamos cookies proporcionadas por terceros de confianza. La siguiente secci\u00f3n detalla qu\u00e9 cookies de terceros puede encontrar a trav\u00e9s de este sitio. <\/p>\n<ul>\n<li>Este sitio utiliza Google Analytics, que es una de las soluciones de an\u00e1lisis web m\u00e1s difundidas y fiables, para ayudarnos a comprender c\u00f3mo utiliza el sitio y c\u00f3mo podemos mejorar su experiencia. Estas cookies pueden rastrear elementos como el tiempo que pasa en el sitio y las p\u00e1ginas que visita, lo que nos permite seguir produciendo contenido atractivo. <\/li>\n<\/ul>\n<p>Para obtener m\u00e1s informaci\u00f3n sobre las cookies de Google Analytics, consulte la p\u00e1gina oficial de Google Analytics.<\/p>\n<ul>\n<li>Las herramientas de an\u00e1lisis de terceros se utilizan para rastrear y medir el uso de este sitio, de modo que podamos seguir produciendo contenido atractivo. Estas cookies pueden rastrear elementos como el tiempo que pasa en el sitio o las p\u00e1ginas que visita, lo que nos ayuda a comprender c\u00f3mo podemos mejorar el sitio para usted. <\/li>\n<li>Peri\u00f3dicamente probamos nuevas funciones y realizamos cambios sutiles en la forma en que se presenta el sitio. Mientras seguimos probando nuevas funciones, estas cookies pueden utilizarse para garantizar que usted reciba una experiencia consistente mientras se encuentra en el sitio, al mismo tiempo que entendemos qu\u00e9 optimizaciones valoran m\u00e1s nuestros usuarios. <\/li>\n<li>A medida que vendemos productos, es importante para nosotros comprender las estad\u00edsticas sobre cu\u00e1ntos visitantes de nuestro sitio realmente realizan una compra. Por lo tanto, este es el tipo de datos que estas cookies rastrear\u00e1n. Esto es importante para usted, ya que significa que podemos realizar previsiones comerciales precisas que nos permiten analizar nuestros costos de publicidad y productos para garantizar el mejor precio posible. <\/li>\n<\/ul>\n<h3>Compromiso del Usuario<\/h3>\n<p>El usuario se compromete a hacer un uso adecuado de los contenidos y de la informaci\u00f3n que <strong>Pierson Consulting<\/strong><strong> <\/strong>ofrece en el sitio web, con car\u00e1cter enunciativo pero no limitativo:<\/p>\n<ul class=\"lista-letras-priv\">\n<li>A) No participar en actividades que sean ilegales o contrarias a la buena fe y al orden p\u00fablico;<\/li>\n<li>B) No difundir propaganda o contenidos de naturaleza racista, xen\u00f3foba, relacionados con casas de apuestas online, juegos de azar, cualquier tipo de pornograf\u00eda ilegal, apolog\u00eda del terrorismo o contenidos contrarios a los derechos humanos;<\/li>\n<li>C) No causar da\u00f1os a los sistemas f\u00edsicos (hardware) y l\u00f3gicos (software) de <strong>Pierson Consulting<\/strong>, de sus proveedores o de terceros, ni introducir o difundir virus inform\u00e1ticos o cualquier otro sistema de hardware o software capaz de causar los da\u00f1os anteriormente mencionados.<\/li>\n<\/ul>\n<h3>M\u00e1s Informaci\u00f3n<\/h3>\n<p>Esperamos que esto haya quedado claro y, como se mencion\u00f3 anteriormente, si hay algo de lo que no est\u00e9 seguro de si lo necesita o no, generalmente es m\u00e1s seguro dejar las cookies activadas en caso de que interact\u00fae con alguna de las funcionalidades que utiliza en nuestro sitio web. Esta pol\u00edtica es efectiva a partir de <strong>septiembre<\/strong> de <strong>2022<\/strong>. <\/p>\n<h2>Descripci\u00f3n de las Cookies<\/h2>\n<h3><a href=\"https:\/\/support.google.com\/ads\/answer\/2662922?hl=en\">Google Adwords Conversion<\/a><\/h3>\n<p>Las cookies de seguimiento de Google AdWords Conversion nos permiten comprender si usted completa determinadas acciones en nuestro(s) sitio(s) web despu\u00e9s de haber visto o hecho clic en alguno de nuestros anuncios proporcionados a trav\u00e9s de Google.<\/p>\n<h3><a href=\"https:\/\/tools.google.com\/dlpage\/gaoptout\">Google Analytics<\/a><\/h3>\n<p>Utilizamos Google Analytics para comprender c\u00f3mo funcionan nuestras campa\u00f1as de medios y c\u00f3mo interact\u00faa usted con nuestro sitio web, con el fin de mejorar la experiencia del usuario.<\/p>\n<h3><a href=\"https:\/\/support.google.com\/ads\/answer\/2662922?hl=en\">Google (Remarketing)<\/a><\/h3>\n<p>Google utiliza esta cookie para comprender qu\u00e9 contenido ha accedido usted en nuestro(s) sitio(s) web, de modo que pueda ofrecer anuncios basados en el contenido con el que ha interactuado en nuestro(s) sitio(s) web y proporcionar anuncios dirigidos en otros sitios web asociados.<\/p>\n<h3><a href=\"https:\/\/en-gb.facebook.com\/help\/568137493302217\">Facebook<\/a><\/h3>\n<p>Facebook le ayuda a mantenerse en contacto con su red a trav\u00e9s de su sitio web o aplicaci\u00f3n m\u00f3vil. Facilitamos el uso compartido de contenido de inter\u00e9s en Facebook y, en ocasiones, podemos mostrar anuncios dirigidos basados en su interacci\u00f3n con nuestro(s) sitio(s) web. <\/p>\n","protected":false},"excerpt":{"rendered":"<p>Pol\u00edtica de Privacidad Su privacidad es importante para nosotros. Es pol\u00edtica de Pierson Consulting respetar su privacidad en relaci\u00f3n con cualquier informaci\u00f3n que podamos recopilar en el sitio web de Pierson Consulting y en otros sitios que poseemos y operamos. Solicitamos informaci\u00f3n personal \u00fanicamente cuando realmente la necesitamos para prestarle un servicio. Lo hacemos por [&hellip;]<\/p>\n","protected":false},"author":2,"featured_media":0,"parent":0,"menu_order":0,"comment_status":"closed","ping_status":"closed","template":"","meta":{"footnotes":""},"class_list":["post-1046","page","type-page","status-publish","hentry"],"yoast_head":"<!-- This site is optimized with the Yoast SEO plugin v26.8 - https:\/\/yoast.com\/product\/yoast-seo-wordpress\/ -->\n<title>Pol\u00edtica de Privacidad | Pierson Consulting<\/title>\n<meta name=\"robots\" content=\"index, follow, max-snippet:-1, max-image-preview:large, max-video-preview:-1\" \/>\n<link rel=\"canonical\" href=\"https:\/\/piersonconsulting.com.br\/es\/politica-de-privacidad\/\" \/>\n<meta property=\"og:locale\" content=\"es_ES\" \/>\n<meta property=\"og:type\" content=\"article\" \/>\n<meta property=\"og:title\" content=\"Pol\u00edtica de Privacidad | Pierson Consulting\" \/>\n<meta property=\"og:description\" content=\"Pol\u00edtica de Privacidad Su privacidad es importante para nosotros. Es pol\u00edtica de Pierson Consulting respetar su privacidad en relaci\u00f3n con cualquier informaci\u00f3n que podamos recopilar en el sitio web de Pierson Consulting y en otros sitios que poseemos y operamos. Solicitamos informaci\u00f3n personal \u00fanicamente cuando realmente la necesitamos para prestarle un servicio. Lo hacemos por [&hellip;]\" \/>\n<meta property=\"og:url\" content=\"https:\/\/piersonconsulting.com.br\/es\/politica-de-privacidad\/\" \/>\n<meta property=\"og:site_name\" content=\"Pierson Consulting\" \/>\n<meta name=\"twitter:card\" content=\"summary_large_image\" \/>\n<meta name=\"twitter:label1\" content=\"Tiempo de lectura\" \/>\n\t<meta name=\"twitter:data1\" content=\"8 minutos\" \/>\n<script type=\"application\/ld+json\" class=\"yoast-schema-graph\">{\"@context\":\"https:\/\/schema.org\",\"@graph\":[{\"@type\":\"WebPage\",\"@id\":\"https:\/\/piersonconsulting.com.br\/es\/politica-de-privacidad\/\",\"url\":\"https:\/\/piersonconsulting.com.br\/es\/politica-de-privacidad\/\",\"name\":\"Pol\u00edtica de Privacidad | Pierson Consulting\",\"isPartOf\":{\"@id\":\"https:\/\/piersonconsulting.com.br\/es\/#website\"},\"datePublished\":\"2026-01-06T19:29:04+00:00\",\"breadcrumb\":{\"@id\":\"https:\/\/piersonconsulting.com.br\/es\/politica-de-privacidad\/#breadcrumb\"},\"inLanguage\":\"es\",\"potentialAction\":[{\"@type\":\"ReadAction\",\"target\":[\"https:\/\/piersonconsulting.com.br\/es\/politica-de-privacidad\/\"]}]},{\"@type\":\"BreadcrumbList\",\"@id\":\"https:\/\/piersonconsulting.com.br\/es\/politica-de-privacidad\/#breadcrumb\",\"itemListElement\":[{\"@type\":\"ListItem\",\"position\":1,\"name\":\"In\u00edcio\",\"item\":\"https:\/\/piersonconsulting.com.br\/es\/home\/\"},{\"@type\":\"ListItem\",\"position\":2,\"name\":\"Pol\u00edtica de Privacidad\"}]},{\"@type\":\"WebSite\",\"@id\":\"https:\/\/piersonconsulting.com.br\/es\/#website\",\"url\":\"https:\/\/piersonconsulting.com.br\/es\/\",\"name\":\"Pierson Consulting\",\"description\":\"Excel\u00eancia Internacional em Consultoria Hoteleira Boutique\",\"publisher\":{\"@id\":\"https:\/\/piersonconsulting.com.br\/es\/#organization\"},\"alternateName\":\"Phillip R. Bucher\",\"potentialAction\":[{\"@type\":\"SearchAction\",\"target\":{\"@type\":\"EntryPoint\",\"urlTemplate\":\"https:\/\/piersonconsulting.com.br\/es\/?s={search_term_string}\"},\"query-input\":{\"@type\":\"PropertyValueSpecification\",\"valueRequired\":true,\"valueName\":\"search_term_string\"}}],\"inLanguage\":\"es\"},{\"@type\":\"Organization\",\"@id\":\"https:\/\/piersonconsulting.com.br\/es\/#organization\",\"name\":\"Pierson Consulting\",\"alternateName\":\"Phillip R. Bucher\",\"url\":\"https:\/\/piersonconsulting.com.br\/es\/\",\"logo\":{\"@type\":\"ImageObject\",\"inLanguage\":\"es\",\"@id\":\"https:\/\/piersonconsulting.com.br\/es\/#\/schema\/logo\/image\/\",\"url\":\"https:\/\/piersonconsulting.com.br\/wp-content\/uploads\/2025\/12\/pierson-home-destaque.webp\",\"contentUrl\":\"https:\/\/piersonconsulting.com.br\/wp-content\/uploads\/2025\/12\/pierson-home-destaque.webp\",\"width\":800,\"height\":800,\"caption\":\"Pierson Consulting\"},\"image\":{\"@id\":\"https:\/\/piersonconsulting.com.br\/es\/#\/schema\/logo\/image\/\"},\"sameAs\":[\"https:\/\/www.linkedin.com\/in\/phillipbucherhospitality\/\"]}]}<\/script>\n<!-- \/ Yoast SEO plugin. -->","yoast_head_json":{"title":"Pol\u00edtica de Privacidad | Pierson Consulting","robots":{"index":"index","follow":"follow","max-snippet":"max-snippet:-1","max-image-preview":"max-image-preview:large","max-video-preview":"max-video-preview:-1"},"canonical":"https:\/\/piersonconsulting.com.br\/es\/politica-de-privacidad\/","og_locale":"es_ES","og_type":"article","og_title":"Pol\u00edtica de Privacidad | Pierson Consulting","og_description":"Pol\u00edtica de Privacidad Su privacidad es importante para nosotros. Es pol\u00edtica de Pierson Consulting respetar su privacidad en relaci\u00f3n con cualquier informaci\u00f3n que podamos recopilar en el sitio web de Pierson Consulting y en otros sitios que poseemos y operamos. Solicitamos informaci\u00f3n personal \u00fanicamente cuando realmente la necesitamos para prestarle un servicio. Lo hacemos por [&hellip;]","og_url":"https:\/\/piersonconsulting.com.br\/es\/politica-de-privacidad\/","og_site_name":"Pierson Consulting","twitter_card":"summary_large_image","twitter_misc":{"Tiempo de lectura":"8 minutos"},"schema":{"@context":"https:\/\/schema.org","@graph":[{"@type":"WebPage","@id":"https:\/\/piersonconsulting.com.br\/es\/politica-de-privacidad\/","url":"https:\/\/piersonconsulting.com.br\/es\/politica-de-privacidad\/","name":"Pol\u00edtica de Privacidad | Pierson Consulting","isPartOf":{"@id":"https:\/\/piersonconsulting.com.br\/es\/#website"},"datePublished":"2026-01-06T19:29:04+00:00","breadcrumb":{"@id":"https:\/\/piersonconsulting.com.br\/es\/politica-de-privacidad\/#breadcrumb"},"inLanguage":"es","potentialAction":[{"@type":"ReadAction","target":["https:\/\/piersonconsulting.com.br\/es\/politica-de-privacidad\/"]}]},{"@type":"BreadcrumbList","@id":"https:\/\/piersonconsulting.com.br\/es\/politica-de-privacidad\/#breadcrumb","itemListElement":[{"@type":"ListItem","position":1,"name":"In\u00edcio","item":"https:\/\/piersonconsulting.com.br\/es\/home\/"},{"@type":"ListItem","position":2,"name":"Pol\u00edtica de Privacidad"}]},{"@type":"WebSite","@id":"https:\/\/piersonconsulting.com.br\/es\/#website","url":"https:\/\/piersonconsulting.com.br\/es\/","name":"Pierson Consulting","description":"Excel\u00eancia Internacional em Consultoria Hoteleira Boutique","publisher":{"@id":"https:\/\/piersonconsulting.com.br\/es\/#organization"},"alternateName":"Phillip R. Bucher","potentialAction":[{"@type":"SearchAction","target":{"@type":"EntryPoint","urlTemplate":"https:\/\/piersonconsulting.com.br\/es\/?s={search_term_string}"},"query-input":{"@type":"PropertyValueSpecification","valueRequired":true,"valueName":"search_term_string"}}],"inLanguage":"es"},{"@type":"Organization","@id":"https:\/\/piersonconsulting.com.br\/es\/#organization","name":"Pierson Consulting","alternateName":"Phillip R. Bucher","url":"https:\/\/piersonconsulting.com.br\/es\/","logo":{"@type":"ImageObject","inLanguage":"es","@id":"https:\/\/piersonconsulting.com.br\/es\/#\/schema\/logo\/image\/","url":"https:\/\/piersonconsulting.com.br\/wp-content\/uploads\/2025\/12\/pierson-home-destaque.webp","contentUrl":"https:\/\/piersonconsulting.com.br\/wp-content\/uploads\/2025\/12\/pierson-home-destaque.webp","width":800,"height":800,"caption":"Pierson Consulting"},"image":{"@id":"https:\/\/piersonconsulting.com.br\/es\/#\/schema\/logo\/image\/"},"sameAs":["https:\/\/www.linkedin.com\/in\/phillipbucherhospitality\/"]}]}},"_links":{"self":[{"href":"https:\/\/piersonconsulting.com.br\/es\/wp-json\/wp\/v2\/pages\/1046","targetHints":{"allow":["GET"]}}],"collection":[{"href":"https:\/\/piersonconsulting.com.br\/es\/wp-json\/wp\/v2\/pages"}],"about":[{"href":"https:\/\/piersonconsulting.com.br\/es\/wp-json\/wp\/v2\/types\/page"}],"author":[{"embeddable":true,"href":"https:\/\/piersonconsulting.com.br\/es\/wp-json\/wp\/v2\/users\/2"}],"replies":[{"embeddable":true,"href":"https:\/\/piersonconsulting.com.br\/es\/wp-json\/wp\/v2\/comments?post=1046"}],"version-history":[{"count":0,"href":"https:\/\/piersonconsulting.com.br\/es\/wp-json\/wp\/v2\/pages\/1046\/revisions"}],"wp:attachment":[{"href":"https:\/\/piersonconsulting.com.br\/es\/wp-json\/wp\/v2\/media?parent=1046"}],"curies":[{"name":"wp","href":"https:\/\/api.w.org\/{rel}","templated":true}]}}